{"id":506,"date":"2014-04-02T09:41:59","date_gmt":"2014-04-02T09:41:59","guid":{"rendered":"http:\/\/deltapump.no\/?page_id=506"},"modified":"2016-06-14T07:04:58","modified_gmt":"2016-06-14T07:04:58","slug":"general-gearpump","status":"publish","type":"page","link":"https:\/\/deltapump.no\/en\/our-gear-pumps\/general-gearpump\/","title":{"rendered":"DELTA GEAR PUMP"},"content":{"rendered":"<p>&nbsp;<\/p>\n<p style=\"text-align: left;\"><a href=\"http:\/\/deltapump.no\/wp-content\/uploads\/2016\/04\/DP-tandhjul-Illustration.png\"><img loading=\"lazy\" decoding=\"async\" class=\" wp-image-611 aligncenter\" src=\"http:\/\/deltapump.no\/wp-content\/uploads\/2016\/04\/DP-tandhjul-Illustration-223x300.png\" alt=\"DP tandhjul Illustration\" width=\"248\" height=\"334\" srcset=\"https:\/\/deltapump.no\/wp-content\/uploads\/2016\/04\/DP-tandhjul-Illustration-223x300.png 223w, https:\/\/deltapump.no\/wp-content\/uploads\/2016\/04\/DP-tandhjul-Illustration-768x1034.png 768w, https:\/\/deltapump.no\/wp-content\/uploads\/2016\/04\/DP-tandhjul-Illustration-760x1024.png 760w, https:\/\/deltapump.no\/wp-content\/uploads\/2016\/04\/DP-tandhjul-Illustration-149x200.png 149w, https:\/\/deltapump.no\/wp-content\/uploads\/2016\/04\/DP-tandhjul-Illustration.png 1114w\" sizes=\"auto, (max-width: 248px) 100vw, 248px\" \/><\/a><\/p>\n<p><span id=\"result_box\" class=\"\" lang=\"en\" tabindex=\"-1\"><span title=\"De vanligste bruksomr\u00e5der for tannhjulspumper: \u00a0\u00a0\u00a0\u00a0\">The most common uses for gear pumps:<\/span><\/span><\/p>\n<p><span title=\"Spylepumpe \u00a0\u00a0\u00a0\u00a0\">The spray pump<br \/>\n<\/span><span title=\"Lensepumpe \u00a0\u00a0\u00a0\u00a0\">bilge pump<br \/>\n<\/span><span title=\"Brannpumpe \u00a0\u00a0\u00a0\u00a0\">fire Pump<br \/>\n<\/span><span title=\"Transferpumpe \u00a0\u00a0\u00a0\u00a0\">Transfer Pump<br \/>\n<\/span><span title=\"Doseringspumpe \u00a0\u00a0\u00a0\u00a0\">Metering pump<br \/>\n<\/span><span title=\"Oljepumpe \u00a0\u00a0\u00a0\u00a0\">oil pump<br \/>\n<\/span><span title=\"Ballastpumpe \u00a0\u00a0\u00a0\u00a0\">ballast Pump<br \/>\n<\/span><span title=\"Trimmepumpe \u00a0\u00a0\u00a0\u00a0\">trim Pump<br \/>\n<\/span><span title=\"Sirkulasjonspumpe \">circulation pump<\/span><\/p>\n<p><span title=\"VIRKEM\u00c5TE: \">OPERATION:<\/span><\/p>\n<p><span title=\"DELTA tannhjulspumpen er en type fortrengningspumpe hvor to roterende tannhjul transporterer en v\u00e6ske.\">DELTA gear pump is a type of displacement pump in which two rotating gears transporting a liquid. <\/span><span title=\"V\u00e6sken fanges inn i volumet mellom tennene i tannhjulene, og presses ut ved utl\u00f8pet av pumpa.\">The fluid is captured into the volume between the teeth of the gears, and forced out at the end of the pump. <\/span><span title=\"Tennene i tannhjulene griper i hverandre uten klaring, slik at v\u00e6sken ikke kan str\u00f8mme tilbake til innl\u00f8pet. \">The teeth in the gears interlocking without clearance, so that the liquid can not flow back to the inlet.<br \/>\n<\/span><span title=\"Generelt for Delta tannhjulspumpen gjelder: \u00a0\u00a0\u00a0\u00a0\">General Delta gear pump applies:<\/span><\/p>\n<p><span title=\"Er selvsugende \u00a0\u00a0\u00a0\u00a0\">Is self-priming<br \/>\n<\/span><span title=\"T\u00e5ler t\u00f8rrkj\u00f8ring \u00a0\u00a0\u00a0\u00a0\">Tolerates dry run<br \/>\n<\/span><span title=\"Valgfri gangretning \u00a0\u00a0\u00a0\u00a0\">Optional walking direction<br \/>\n<\/span><span title=\"Valgfri montasje - Enkel vedlikehold \u00a0\u00a0\u00a0\u00a0\">Optional mounting &#8211; Easy maintenance<br \/>\n<\/span><span title=\"Kan leveres med innbygget, regulerbar sikkerhetsventil \u00a0\u00a0\u00a0\u00a0\">Can be supplied with integral, adjustable safety valve<br \/>\n<\/span><span title=\"Kan levers med sertifikater \u00a0\u00a0\u00a0\u00a0\">Can be delivered with certificates<br \/>\n<\/span><span title=\"Er CE-merket \">Is the CE mark<\/span><\/p>\n<p><span title=\"Delta tannhjulspumpen transporterer v\u00e6sker som bla.: \u00a0\u00a0\u00a0\u00a0\">Delta gear pump transports liquids scroll .:<\/span><\/p>\n<p><span title=\"Fersk-og sj\u00f8vann \u00a0\u00a0\u00a0\u00a0\">Fresh and seawater<br \/>\n<\/span><span title=\"Oljer og diesel \u00a0\u00a0\u00a0\u00a0\">Oils and diesel<br \/>\n<\/span><span title=\"Fiskeavfall\/ensilasje \u00a0\u00a0\u00a0\u00a0\">Fish waste \/ silage<br \/>\n<\/span><span title=\"Maling, lim, flytende plast og tj\u00e6re \u00a0\u00a0\u00a0\u00a0\">Paint, glue, liquid plastic and tar<br \/>\n<\/span><span title=\"Honning, tomatpur\u00e8 og sukkerlake \u00a0\u00a0\u00a0\u00a0\">Honey, tomato puree and syrup<br \/>\n<\/span><span title=\"Kloakk\/septikk \u00a0\u00a0\u00a0\u00a0\">Sewage \/ septic<br \/>\n<\/span><span title=\"Silosaft\/lann\">Silo Saft \/ land<\/span><\/p>\n","protected":false},"excerpt":{"rendered":"<p>&nbsp; The most common uses for gear pumps: The spray pump bilge pump fire Pump Transfer Pump Metering pump oil pump ballast Pump trim Pump circulation pump OPERATION: DELTA gear pump is a type of displacement pump in which two rotating gears transporting a liquid. The fluid is captured into the volume between the teeth [&hellip;]<\/p>\n","protected":false},"author":3,"featured_media":0,"parent":328,"menu_order":0,"comment_status":"closed","ping_status":"closed","template":"","meta":{"_acf_changed":false,"footnotes":""},"class_list":["post-506","page","type-page","status-publish","hentry"],"acf":[],"_links":{"self":[{"href":"https:\/\/deltapump.no\/en\/wp-json\/wp\/v2\/pages\/506","targetHints":{"allow":["GET"]}}],"collection":[{"href":"https:\/\/deltapump.no\/en\/wp-json\/wp\/v2\/pages"}],"about":[{"href":"https:\/\/deltapump.no\/en\/wp-json\/wp\/v2\/types\/page"}],"author":[{"embeddable":true,"href":"https:\/\/deltapump.no\/en\/wp-json\/wp\/v2\/users\/3"}],"replies":[{"embeddable":true,"href":"https:\/\/deltapump.no\/en\/wp-json\/wp\/v2\/comments?post=506"}],"version-history":[{"count":0,"href":"https:\/\/deltapump.no\/en\/wp-json\/wp\/v2\/pages\/506\/revisions"}],"up":[{"embeddable":true,"href":"https:\/\/deltapump.no\/en\/wp-json\/wp\/v2\/pages\/328"}],"wp:attachment":[{"href":"https:\/\/deltapump.no\/en\/wp-json\/wp\/v2\/media?parent=506"}],"curies":[{"name":"wp","href":"https:\/\/api.w.org\/{rel}","templated":true}]}}