{"id":909,"date":"2016-06-02T09:46:00","date_gmt":"2016-06-02T09:46:00","guid":{"rendered":"https:\/\/deltapump.no\/vare-tannhjulspumper-2\/"},"modified":"2021-11-24T10:13:01","modified_gmt":"2021-11-24T10:13:01","slug":"vare-tannhjulspumper-2","status":"publish","type":"page","link":"https:\/\/deltapump.no\/en\/vare-tannhjulspumper-2\/","title":{"rendered":"V\u00e5re tannhjulspumper"},"content":{"rendered":"<p style=\"text-align: left;\"><a href=\"http:\/\/deltapump.no\/wp-content\/uploads\/2016\/04\/DP-tandhjul-Illustration.png\"><img loading=\"lazy\" decoding=\"async\" class=\" wp-image-611 aligncenter\" src=\"http:\/\/deltapump.no\/wp-content\/uploads\/2016\/04\/DP-tandhjul-Illustration-223x300.png\" alt=\"DP tandhjul Illustration\" width=\"248\" height=\"334\" srcset=\"https:\/\/deltapump.no\/wp-content\/uploads\/2016\/04\/DP-tandhjul-Illustration-223x300.png 223w, https:\/\/deltapump.no\/wp-content\/uploads\/2016\/04\/DP-tandhjul-Illustration-768x1034.png 768w, https:\/\/deltapump.no\/wp-content\/uploads\/2016\/04\/DP-tandhjul-Illustration-760x1024.png 760w, https:\/\/deltapump.no\/wp-content\/uploads\/2016\/04\/DP-tandhjul-Illustration-149x200.png 149w, https:\/\/deltapump.no\/wp-content\/uploads\/2016\/04\/DP-tandhjul-Illustration.png 1114w\" sizes=\"auto, (max-width: 248px) 100vw, 248px\" \/><\/a><\/p>\n<h3><\/h3>\n<p><strong>VIRKEM\u00c5TE:<\/strong><\/p>\n<p>V\u00e5re tannhjulspumper er konstruert som en fortrengningspumpe hvor v\u00e6sken transporteres videre ved hjelp av to roterende tannhjul i et lukket kammer. Denne konstruksjonen bidrar til at v\u00e6sken fanges opp i volumet mellom tennene til tannhjulene, og presses videre ut ved utl\u00f8pet av pumpen. Tennene i tannhjulene griper i hverandre uten klaring, slik at v\u00e6sken ikke kan str\u00f8mme tilbake til innl\u00f8pet.<\/p>\n<p><!--more--><\/p>\n<h3>Generelt for Delta tannhjulspumpen gjelder:<\/h3>\n<ul>\n<li>Er selvsugende<\/li>\n<li>T\u00e5ler t\u00f8rrkj\u00f8ring<\/li>\n<li>Valgfri gangretning<\/li>\n<li>Valgfri montasje &#8211; enkelt vedlikehold<\/li>\n<li>Kan leveres med innbygget, regulerbar sikkerhetsventil (X)<\/li>\n<li>Kan levers med sertifikater<\/li>\n<li>Er CE-merket<\/li>\n<\/ul>\n<h3 style=\"text-align: left;\"><\/h3>\n<h3>De vanligste bruksomr\u00e5der for tannhjulspumper:<\/h3>\n<ul>\n<li>Spylepumpe<\/li>\n<li>Lensepumpe<\/li>\n<li>Brannpumpe<\/li>\n<li>Transferpumpe<\/li>\n<li>Doseringspumpe<\/li>\n<li>Oljepumpe<\/li>\n<li>Ballastpumpe<\/li>\n<li>Trimmepumpe<\/li>\n<li>Sirkulasjonspumpe<\/li>\n<\/ul>\n<h3 style=\"text-align: left;\">Delta tannhjulspumpen transporterer v\u00e6sker som bla.:<\/h3>\n<ul>\n<li style=\"text-align: left;\">Fersk-og sj\u00f8vann<\/li>\n<li style=\"text-align: left;\">Oljer og diesel<\/li>\n<li style=\"text-align: left;\">Fiskeavfall\/ensilasje<\/li>\n<li style=\"text-align: left;\">Maling, lim, flytende plast og tj\u00e6re<\/li>\n<li style=\"text-align: left;\">Honning, tomatpur\u00e8 og sukkerlake<\/li>\n<li style=\"text-align: left;\">Kloakk\/septikk<\/li>\n<li style=\"text-align: left;\">Silosaft\/lann<\/li>\n<\/ul>\n","protected":false},"excerpt":{"rendered":"<p>VIRKEM\u00c5TE: V\u00e5re tannhjulspumper er konstruert som en fortrengningspumpe hvor v\u00e6sken transporteres videre ved hjelp av to roterende tannhjul i et lukket kammer. Denne konstruksjonen bidrar til at v\u00e6sken fanges opp i volumet mellom tennene til tannhjulene, og presses videre ut ved utl\u00f8pet av pumpen. Tennene i tannhjulene griper i hverandre uten klaring, slik at v\u00e6sken [&hellip;]<\/p>\n","protected":false},"author":3,"featured_media":0,"parent":0,"menu_order":6,"comment_status":"closed","ping_status":"closed","template":"","meta":{"_acf_changed":false,"footnotes":""},"class_list":["post-909","page","type-page","status-publish","hentry"],"acf":[],"_links":{"self":[{"href":"https:\/\/deltapump.no\/en\/wp-json\/wp\/v2\/pages\/909","targetHints":{"allow":["GET"]}}],"collection":[{"href":"https:\/\/deltapump.no\/en\/wp-json\/wp\/v2\/pages"}],"about":[{"href":"https:\/\/deltapump.no\/en\/wp-json\/wp\/v2\/types\/page"}],"author":[{"embeddable":true,"href":"https:\/\/deltapump.no\/en\/wp-json\/wp\/v2\/users\/3"}],"replies":[{"embeddable":true,"href":"https:\/\/deltapump.no\/en\/wp-json\/wp\/v2\/comments?post=909"}],"version-history":[{"count":0,"href":"https:\/\/deltapump.no\/en\/wp-json\/wp\/v2\/pages\/909\/revisions"}],"wp:attachment":[{"href":"https:\/\/deltapump.no\/en\/wp-json\/wp\/v2\/media?parent=909"}],"curies":[{"name":"wp","href":"https:\/\/api.w.org\/{rel}","templated":true}]}}